{"id":163,"date":"2025-07-04T18:25:59","date_gmt":"2025-07-04T18:25:59","guid":{"rendered":"https:\/\/licrondon.com\/?page_id=163"},"modified":"2025-08-21T00:24:00","modified_gmt":"2025-08-21T00:24:00","slug":"mi-libro","status":"publish","type":"page","link":"https:\/\/licrondon.com\/en\/mi-libro\/","title":{"rendered":"My book"},"content":{"rendered":"<div data-elementor-type=\"wp-page\" data-elementor-id=\"163\" class=\"elementor elementor-163\" data-elementor-post-type=\"page\">\n\t\t\t\t<div class=\"elementor-element elementor-element-231adea2 e-con-full e-flex e-con e-parent\" data-id=\"231adea2\" data-element_type=\"container\" data-settings=\"{&quot;background_background&quot;:&quot;classic&quot;}\">\n\t\t<div class=\"elementor-element elementor-element-397666f7 e-con-full e-flex e-con e-child\" data-id=\"397666f7\" data-element_type=\"container\">\n\t\t\t\t<div class=\"elementor-element elementor-element-24138df8 elementor-widget elementor-widget-heading\" data-id=\"24138df8\" data-element_type=\"widget\" data-widget_type=\"heading.default\">\n\t\t\t\t<div class=\"elementor-widget-container\">\n\t\t\t\t\t<h1 class=\"elementor-heading-title elementor-size-default\">How to Study Law Without Losing Your Mind \u2013 An Emotional and Practical Guide for Law Students<\/h1>\t\t\t\t<\/div>\n\t\t\t\t<\/div>\n\t\t\t\t<div class=\"elementor-element elementor-element-1bb53891 elementor-widget elementor-widget-text-editor\" data-id=\"1bb53891\" data-element_type=\"widget\" data-widget_type=\"text-editor.default\">\n\t\t\t\t<div class=\"elementor-widget-container\">\n\t\t\t\t\t\t\t\t\t<p>The guide you needed so you don\u2019t give up before, during, or after starting your law degree<\/p>\t\t\t\t\t\t\t\t<\/div>\n\t\t\t\t<\/div>\n\t\t\t\t<div class=\"elementor-element elementor-element-6056dd31 elementor-widget elementor-widget-text-editor\" data-id=\"6056dd31\" data-element_type=\"widget\" data-widget_type=\"text-editor.default\">\n\t\t\t\t<div class=\"elementor-widget-container\">\n\t\t\t\t\t\t\t\t\t<p>This book is not just another textbook. It\u2019s an emotional and practical roadmap to survive and thrive in law school\u2014especially if you\u2019re studying while working, migrating, or facing personal challenges.<\/p>\t\t\t\t\t\t\t\t<\/div>\n\t\t\t\t<\/div>\n\t\t\t\t<\/div>\n\t\t<div class=\"elementor-element elementor-element-561166d3 e-con-full e-flex e-con e-child\" data-id=\"561166d3\" data-element_type=\"container\">\n\t\t\t\t<div class=\"elementor-element elementor-element-5dacc36d elementor-widget elementor-widget-image\" data-id=\"5dacc36d\" data-element_type=\"widget\" data-widget_type=\"image.default\">\n\t\t\t\t<div class=\"elementor-widget-container\">\n\t\t\t\t\t\t\t\t\t\t\t\t\t\t\t<img fetchpriority=\"high\" decoding=\"async\" width=\"1434\" height=\"1676\" src=\"https:\/\/licrondon.com\/wp-content\/uploads\/2025\/07\/Libro-transparente-1.webp\" class=\"attachment-full size-full wp-image-572\" alt=\"\" srcset=\"https:\/\/licrondon.com\/wp-content\/uploads\/2025\/07\/Libro-transparente-1.webp 1434w, https:\/\/licrondon.com\/wp-content\/uploads\/2025\/07\/Libro-transparente-1-1080x1262.webp 1080w, https:\/\/licrondon.com\/wp-content\/uploads\/2025\/07\/Libro-transparente-1-257x300.webp 257w, https:\/\/licrondon.com\/wp-content\/uploads\/2025\/07\/Libro-transparente-1-876x1024.webp 876w, https:\/\/licrondon.com\/wp-content\/uploads\/2025\/07\/Libro-transparente-1-768x898.webp 768w, https:\/\/licrondon.com\/wp-content\/uploads\/2025\/07\/Libro-transparente-1-1314x1536.webp 1314w\" sizes=\"(max-width: 1434px) 100vw, 1434px\" \/>\t\t\t\t\t\t\t\t\t\t\t\t\t\t\t<\/div>\n\t\t\t\t<\/div>\n\t\t\t\t<\/div>\n\t\t\t\t<\/div>\n\t\t<div class=\"elementor-element elementor-element-1b2d0038 e-con-full e-flex e-con e-parent\" data-id=\"1b2d0038\" data-element_type=\"container\" data-settings=\"{&quot;background_background&quot;:&quot;classic&quot;}\">\n\t\t<div class=\"elementor-element elementor-element-0884672 e-con-full e-flex e-con e-child\" data-id=\"0884672\" data-element_type=\"container\">\n\t\t\t\t<div class=\"elementor-element elementor-element-341ca3c elementor-widget elementor-widget-image\" data-id=\"341ca3c\" data-element_type=\"widget\" data-widget_type=\"image.default\">\n\t\t\t\t<div class=\"elementor-widget-container\">\n\t\t\t\t\t\t\t\t\t\t\t\t\t\t\t<img decoding=\"async\" width=\"1434\" height=\"1676\" src=\"https:\/\/licrondon.com\/wp-content\/uploads\/2025\/07\/libro-mockup.webp\" class=\"attachment-full size-full wp-image-576\" alt=\"\" srcset=\"https:\/\/licrondon.com\/wp-content\/uploads\/2025\/07\/libro-mockup.webp 1434w, https:\/\/licrondon.com\/wp-content\/uploads\/2025\/07\/libro-mockup-1080x1262.webp 1080w, https:\/\/licrondon.com\/wp-content\/uploads\/2025\/07\/libro-mockup-257x300.webp 257w, https:\/\/licrondon.com\/wp-content\/uploads\/2025\/07\/libro-mockup-876x1024.webp 876w, https:\/\/licrondon.com\/wp-content\/uploads\/2025\/07\/libro-mockup-768x898.webp 768w, https:\/\/licrondon.com\/wp-content\/uploads\/2025\/07\/libro-mockup-1314x1536.webp 1314w\" sizes=\"(max-width: 1434px) 100vw, 1434px\" \/>\t\t\t\t\t\t\t\t\t\t\t\t\t\t\t<\/div>\n\t\t\t\t<\/div>\n\t\t\t\t<div class=\"elementor-element elementor-element-10e76aee elementor-align-center elementor-widget elementor-widget-button\" data-id=\"10e76aee\" data-element_type=\"widget\" data-widget_type=\"button.default\">\n\t\t\t\t<div class=\"elementor-widget-container\">\n\t\t\t\t\t\t\t\t\t<div class=\"elementor-button-wrapper\">\n\t\t\t\t\t<a class=\"elementor-button elementor-button-link elementor-size-sm elementor-animation-shrink\" href=\"https:\/\/licrondon.com\/en\/product\/libro-como-estudiar-derecho-y-no-morir-en-el-intento\/\">\n\t\t\t\t\t\t<span class=\"elementor-button-content-wrapper\">\n\t\t\t\t\t\t\t\t\t<span class=\"elementor-button-text\">I WANT THE BOOK<\/span>\n\t\t\t\t\t<\/span>\n\t\t\t\t\t<\/a>\n\t\t\t\t<\/div>\n\t\t\t\t\t\t\t\t<\/div>\n\t\t\t\t<\/div>\n\t\t\t\t<\/div>\n\t\t<div class=\"elementor-element elementor-element-5b3e869f e-con-full e-flex e-con e-child\" data-id=\"5b3e869f\" data-element_type=\"container\">\n\t\t\t\t<div class=\"elementor-element elementor-element-98fc575 elementor-widget elementor-widget-n-accordion\" data-id=\"98fc575\" data-element_type=\"widget\" data-settings=\"{&quot;default_state&quot;:&quot;expanded&quot;,&quot;max_items_expended&quot;:&quot;one&quot;,&quot;n_accordion_animation_duration&quot;:{&quot;unit&quot;:&quot;ms&quot;,&quot;size&quot;:400,&quot;sizes&quot;:[]}}\" data-widget_type=\"nested-accordion.default\">\n\t\t\t\t<div class=\"elementor-widget-container\">\n\t\t\t\t\t\t\t<div class=\"e-n-accordion\" aria-label=\"Accordion. Open links with Enter or Space, close with Escape, and navigate with Arrow Keys\">\n\t\t\t\t\t\t<details id=\"e-n-accordion-item-1600\" class=\"e-n-accordion-item\" open>\n\t\t\t\t<summary class=\"e-n-accordion-item-title\" data-accordion-index=\"1\" tabindex=\"0\" aria-expanded=\"true\" aria-controls=\"e-n-accordion-item-1600\" >\n\t\t\t\t\t<span class='e-n-accordion-item-title-header'><div class=\"e-n-accordion-item-title-text\"> WHAT WILL YOU LEARN? <\/div><\/span>\n\t\t\t\t\t\t\t<span class='e-n-accordion-item-title-icon'>\n\t\t\t<span class='e-opened' ><svg aria-hidden=\"true\" class=\"e-font-icon-svg e-fas-minus\" viewbox=\"0 0 448 512\" xmlns=\"http:\/\/www.w3.org\/2000\/svg\"><path d=\"M416 208H32c-17.67 0-32 14.33-32 32v32c0 17.67 14.33 32 32 32h384c17.67 0 32-14.33 32-32v-32c0-17.67-14.33-32-32-32z\"><\/path><\/svg><\/span>\n\t\t\t<span class='e-closed'><svg aria-hidden=\"true\" class=\"e-font-icon-svg e-fas-plus\" viewbox=\"0 0 448 512\" xmlns=\"http:\/\/www.w3.org\/2000\/svg\"><path d=\"M416 208H272V64c0-17.67-14.33-32-32-32h-32c-17.67 0-32 14.33-32 32v144H32c-17.67 0-32 14.33-32 32v32c0 17.67 14.33 32 32 32h144v144c0 17.67 14.33 32 32 32h32c17.67 0 32-14.33 32-32V304h144c17.67 0 32-14.33 32-32v-32c0-17.67-14.33-32-32-32z\"><\/path><\/svg><\/span>\n\t\t<\/span>\n\n\t\t\t\t\t\t<\/summary>\n\t\t\t\t<div role=\"region\" aria-labelledby=\"e-n-accordion-item-1600\" class=\"elementor-element elementor-element-4a3b77a e-con-full e-flex e-con e-child\" data-id=\"4a3b77a\" data-element_type=\"container\">\n\t\t\t\t<div class=\"elementor-element elementor-element-5a6e086 elementor-widget elementor-widget-text-editor\" data-id=\"5a6e086\" data-element_type=\"widget\" data-widget_type=\"text-editor.default\">\n\t\t\t\t<div class=\"elementor-widget-container\">\n\t\t\t\t\t\t\t\t\t<ul><li style=\"font-weight: 400;\" aria-level=\"1\"><span style=\"font-weight: 400;\">How to maintain balance in a demanding career<\/span><\/li><li style=\"font-weight: 400;\" aria-level=\"1\"><span style=\"font-weight: 400;\">Organization and strategic planning compatible with real life, to move forward with clarity and concrete goals<\/span><\/li><li style=\"font-weight: 400;\" aria-level=\"1\"><span style=\"font-weight: 400;\">How to develop real skills that prepare you to practice in today\u2019s world (not just to pass exams)<\/span><\/li><li style=\"font-weight: 400;\" aria-level=\"1\"><span style=\"font-weight: 400;\">Building support networks and a professional focus<\/span><\/li><li style=\"font-weight: 400;\" aria-level=\"1\"><span style=\"font-weight: 400;\">Mental health, focus, and consistency<\/span><\/li><\/ul>\t\t\t\t\t\t\t\t<\/div>\n\t\t\t\t<\/div>\n\t\t\t\t<\/div>\n\t\t\t\t\t<\/details>\n\t\t\t\t\t\t<details id=\"e-n-accordion-item-1601\" class=\"e-n-accordion-item\" >\n\t\t\t\t<summary class=\"e-n-accordion-item-title\" data-accordion-index=\"2\" tabindex=\"-1\" aria-expanded=\"false\" aria-controls=\"e-n-accordion-item-1601\" >\n\t\t\t\t\t<span class='e-n-accordion-item-title-header'><div class=\"e-n-accordion-item-title-text\"> WHO IS IT FOR? <\/div><\/span>\n\t\t\t\t\t\t\t<span class='e-n-accordion-item-title-icon'>\n\t\t\t<span class='e-opened' ><svg aria-hidden=\"true\" class=\"e-font-icon-svg e-fas-minus\" viewbox=\"0 0 448 512\" xmlns=\"http:\/\/www.w3.org\/2000\/svg\"><path d=\"M416 208H32c-17.67 0-32 14.33-32 32v32c0 17.67 14.33 32 32 32h384c17.67 0 32-14.33 32-32v-32c0-17.67-14.33-32-32-32z\"><\/path><\/svg><\/span>\n\t\t\t<span class='e-closed'><svg aria-hidden=\"true\" class=\"e-font-icon-svg e-fas-plus\" viewbox=\"0 0 448 512\" xmlns=\"http:\/\/www.w3.org\/2000\/svg\"><path d=\"M416 208H272V64c0-17.67-14.33-32-32-32h-32c-17.67 0-32 14.33-32 32v144H32c-17.67 0-32 14.33-32 32v32c0 17.67 14.33 32 32 32h144v144c0 17.67 14.33 32 32 32h32c17.67 0 32-14.33 32-32V304h144c17.67 0 32-14.33 32-32v-32c0-17.67-14.33-32-32-32z\"><\/path><\/svg><\/span>\n\t\t<\/span>\n\n\t\t\t\t\t\t<\/summary>\n\t\t\t\t<div role=\"region\" aria-labelledby=\"e-n-accordion-item-1601\" class=\"elementor-element elementor-element-3b0fa5d e-con-full e-flex e-con e-child\" data-id=\"3b0fa5d\" data-element_type=\"container\">\n\t\t\t\t<div class=\"elementor-element elementor-element-b31c638 elementor-widget elementor-widget-text-editor\" data-id=\"b31c638\" data-element_type=\"widget\" data-widget_type=\"text-editor.default\">\n\t\t\t\t<div class=\"elementor-widget-container\">\n\t\t\t\t\t\t\t\t\t<ul><li style=\"font-weight: 400;\" aria-level=\"1\"><span style=\"font-weight: 400;\">New students, migrants, adults returning to their studies<\/span><\/li><li style=\"font-weight: 400;\" aria-level=\"1\"><span style=\"font-weight: 400;\">People who feel anxiety, guilt, or doubt about their abilities<\/span><\/li><\/ul>\t\t\t\t\t\t\t\t<\/div>\n\t\t\t\t<\/div>\n\t\t\t\t<\/div>\n\t\t\t\t\t<\/details>\n\t\t\t\t\t<\/div>\n\t\t\t\t\t\t<\/div>\n\t\t\t\t<\/div>\n\t\t\t\t<div class=\"elementor-element elementor-element-7559fe9b elementor-widget elementor-widget-text-editor\" data-id=\"7559fe9b\" data-element_type=\"widget\" data-widget_type=\"text-editor.default\">\n\t\t\t\t<div class=\"elementor-widget-container\">\n\t\t\t\t\t\t\t\t\t<p>Available in print (with a personal dedication).<\/p>\t\t\t\t\t\t\t\t<\/div>\n\t\t\t\t<\/div>\n\t\t\t\t<\/div>\n\t\t\t\t<\/div>\n\t\t\t\t<\/div>","protected":false},"excerpt":{"rendered":"<p>C\u00f3mo estudiar Derecho y no morir en el intento \u2013 Gu\u00eda emocional y pr\u00e1ctica para estudiantes de Derecho La gu\u00eda [&hellip;]<\/p>","protected":false},"author":1,"featured_media":0,"parent":0,"menu_order":0,"comment_status":"closed","ping_status":"closed","template":"","meta":{"site-sidebar-layout":"no-sidebar","site-content-layout":"","ast-site-content-layout":"full-width-container","site-content-style":"default","site-sidebar-style":"default","ast-global-header-display":"","ast-banner-title-visibility":"","ast-main-header-display":"","ast-hfb-above-header-display":"","ast-hfb-below-header-display":"","ast-hfb-mobile-header-display":"","site-post-title":"disabled","ast-breadcrumbs-content":"","ast-featured-img":"disabled","footer-sml-layout":"","theme-transparent-header-meta":"","adv-header-id-meta":"","stick-header-meta":"","header-above-stick-meta":"","header-main-stick-meta":"","header-below-stick-meta":"","astra-migrate-meta-layouts":"default","ast-page-background-enabled":"default","ast-page-background-meta":{"desktop":{"background-color":"var(--ast-global-color-5)","background-image":"","background-repeat":"repeat","background-position":"center center","background-size":"auto","background-attachment":"scroll","background-type":"","background-media":"","overlay-type":"","overlay-color":"","overlay-opacity":"","overlay-gradient":""},"tablet":{"background-color":"","background-image":"","background-repeat":"repeat","background-position":"center center","background-size":"auto","background-attachment":"scroll","background-type":"","background-media":"","overlay-type":"","overlay-color":"","overlay-opacity":"","overlay-gradient":""},"mobile":{"background-color":"","background-image":"","background-repeat":"repeat","background-position":"center center","background-size":"auto","background-attachment":"scroll","background-type":"","background-media":"","overlay-type":"","overlay-color":"","overlay-opacity":"","overlay-gradient":""}},"ast-content-background-meta":{"desktop":{"background-color":"var(--ast-global-color-4)","background-image":"","background-repeat":"repeat","background-position":"center center","background-size":"auto","background-attachment":"scroll","background-type":"","background-media":"","overlay-type":"","overlay-color":"","overlay-opacity":"","overlay-gradient":""},"tablet":{"background-color":"var(--ast-global-color-4)","background-image":"","background-repeat":"repeat","background-position":"center center","background-size":"auto","background-attachment":"scroll","background-type":"","background-media":"","overlay-type":"","overlay-color":"","overlay-opacity":"","overlay-gradient":""},"mobile":{"background-color":"var(--ast-global-color-4)","background-image":"","background-repeat":"repeat","background-position":"center center","background-size":"auto","background-attachment":"scroll","background-type":"","background-media":"","overlay-type":"","overlay-color":"","overlay-opacity":"","overlay-gradient":""}},"footnotes":""},"class_list":["post-163","page","type-page","status-publish","hentry"],"_links":{"self":[{"href":"https:\/\/licrondon.com\/en\/wp-json\/wp\/v2\/pages\/163","targetHints":{"allow":["GET"]}}],"collection":[{"href":"https:\/\/licrondon.com\/en\/wp-json\/wp\/v2\/pages"}],"about":[{"href":"https:\/\/licrondon.com\/en\/wp-json\/wp\/v2\/types\/page"}],"author":[{"embeddable":true,"href":"https:\/\/licrondon.com\/en\/wp-json\/wp\/v2\/users\/1"}],"replies":[{"embeddable":true,"href":"https:\/\/licrondon.com\/en\/wp-json\/wp\/v2\/comments?post=163"}],"version-history":[{"count":52,"href":"https:\/\/licrondon.com\/en\/wp-json\/wp\/v2\/pages\/163\/revisions"}],"predecessor-version":[{"id":1034,"href":"https:\/\/licrondon.com\/en\/wp-json\/wp\/v2\/pages\/163\/revisions\/1034"}],"wp:attachment":[{"href":"https:\/\/licrondon.com\/en\/wp-json\/wp\/v2\/media?parent=163"}],"curies":[{"name":"wp","href":"https:\/\/api.w.org\/{rel}","templated":true}]}}